{"id":35,"date":"2025-04-30T18:33:24","date_gmt":"2025-04-30T16:33:24","guid":{"rendered":"http:\/\/harpretreat.pl\/home\/"},"modified":"2025-09-03T09:29:08","modified_gmt":"2025-09-03T07:29:08","slug":"home","status":"publish","type":"page","link":"https:\/\/harpretreat.pl\/en\/","title":{"rendered":"HOME"},"content":{"rendered":"<div class=\"wp-block-uagb-container uagb-block-iszofe2a alignfull uagb-is-root-container\">\n<div class=\"wp-block-uagb-container uagb-block-4ubypb4o alignfull uagb-is-root-container\"><\/div>\n\n\n\n<div class=\"wp-block-uagb-info-box uagb-block-zlebznhe uagb-infobox__content-wrap  uagb-infobox-icon-above-title uagb-infobox-image-valign-top wp-block-uagb-info-box--has-margin\"><div class=\"uagb-infobox-margin-wrapper\"><div class=\"uagb-ifb-content\"><div class=\"uagb-ifb-title-wrap\"><p class=\"uagb-ifb-title-prefix\">Muzyka. Cisza. Przestrze\u0144. Otwarte okno. kolonia.<\/p><h1 class=\"uagb-ifb-title\">Harp Retreat \u2013 a place where the harp speaks to us.<\/h1><\/div><p class=\"uagb-ifb-desc\"><strong>OPEN WINDOW \u2013 The Harp Retreat is a unique, intimate harp workshop with Rita Costanzi, taking place from August 25\u201330, 2025, at Nowy Dw\u00f3r in Goszyce, near Krak\u00f3w.<\/strong><br><br>It\u2019s more than just a masterclass \u2013 it\u2019s a sanctuary for harpists and harp enthusiasts seeking to breathe, listen deeply to music and themselves, and experience a profound, spiritual approach to the art of performance.<br><br>Far from the noise of the world, without phones or the pressures of everyday life, we come closer to the essence of music \u2013 the kind that shapes our identity as artists.<\/p><\/div><\/div><\/div>\n\n\n\n<div style=\"height:48px\" aria-hidden=\"true\" class=\"wp-block-spacer\"><\/div>\n<\/div>\n\n\n\n<p><\/p>\n\n\n\n<div class=\"wp-block-uagb-container uagb-block-irvrguse alignfull uagb-is-root-container\">\n<div class=\"wp-block-uagb-container uagb-block-he8g62es\"><\/div>\n\n\n\n<div class=\"wp-block-uagb-container uagb-block-prj44ghl\">\n<div class=\"wp-block-uagb-info-box uagb-block-bnjsadci uagb-infobox__content-wrap  uagb-infobox-icon-above-title uagb-infobox-image-valign-top\"><div class=\"uagb-ifb-content\"><div class=\"uagb-ifb-title-wrap\"><h1 class=\"uagb-ifb-title\">harpist, actress<br>teacher, author<\/h1><\/div><p class=\"uagb-ifb-desc\">\"She explores the full range of color of her instrument. Her playing has life, passion and never loses sight of the long line.\"<br>&#8211; Yo-Yo Ma<\/p><\/div><\/div>\n\n\n\n<div class=\"wp-block-uagb-buttons uagb-buttons__outer-wrap uagb-btn__default-btn uagb-btn-tablet__default-btn uagb-btn-mobile__default-btn uagb-block-dvuapw7r\"><div class=\"uagb-buttons__wrap uagb-buttons-layout-wrap\">\n<div class=\"wp-block-uagb-buttons-child uagb-buttons__outer-wrap uagb-block-gproepze wp-block-button\"><div class=\"uagb-button__wrapper\"><a class=\"uagb-buttons-repeater wp-block-button__link\" aria-label=\"\" href=\"#\" rel=\"follow noopener\" target=\"_self\" role=\"button\"><div class=\"uagb-button__link\">Read more<\/div><\/a><\/div><\/div>\n<\/div><\/div>\n<\/div>\n<\/div>\n\n\n\n<div style=\"height:100px\" aria-hidden=\"true\" class=\"wp-block-spacer\"><\/div>\n\n\n\n<p><\/p>\n\n\n\n<div class=\"wp-block-uagb-container uagb-block-8o4a71eh alignfull uagb-is-root-container\"><div class=\"uagb-container-inner-blocks-wrap\">\n<div class=\"wp-block-uagb-container uagb-block-ia27pdot\">\n<div class=\"wp-block-uagb-info-box uagb-block-xakmnb6u uagb-infobox__content-wrap  uagb-infobox-icon-above-title uagb-infobox-image-valign-top\"><div class=\"uagb-ifb-content\"><div class=\"uagb-ifb-title-wrap\"><h2 class=\"uagb-ifb-title\">Open Window - First Edition 2025<\/h2><\/div><\/div><\/div>\n\n\n\n<div class=\"wp-block-uagb-info-box uagb-block-vrc7uhky uagb-infobox__content-wrap  uagb-infobox-icon-above-title uagb-infobox-image-valign-top\"><div class=\"uagb-ifb-content\"><div class=\"uagb-ifb-title-wrap\"><\/div><p class=\"uagb-ifb-desc\">We share our experience from the first Open Window Harp Retreat! Check out the full gallery!<\/p><\/div><\/div>\n\n\n\n<div class=\"wp-block-buttons is-content-justification-right is-layout-flex wp-container-core-buttons-is-layout-765c4724 wp-block-buttons-is-layout-flex\">\n<div class=\"wp-block-button\"><a class=\"wp-block-button__link has-text-align-center wp-element-button\" href=\"\/en\/galeria\/\">GALLERY<\/a><\/div>\n<\/div>\n<\/div>\n\n\n\n<div class=\"wp-block-uagb-container uagb-block-7oj86lx0\">\n<div class=\"wp-block-uagb-container uagb-block-onl9ysmi\">\n<div class=\"wp-block-uagb-image alignleft uagb-block-wythrxdp wp-block-uagb-image--layout-default wp-block-uagb-image--effect-static wp-block-uagb-image--align-left\"><figure class=\"wp-block-uagb-image__figure\"><img decoding=\"async\" srcset=\"https:\/\/harpretreat.pl\/wp-content\/uploads\/2025\/09\/IMG_7926-1024x768.jpeg ,https:\/\/harpretreat.pl\/wp-content\/uploads\/2025\/09\/IMG_7926.jpeg 780w, https:\/\/harpretreat.pl\/wp-content\/uploads\/2025\/09\/IMG_7926.jpeg 360w\" sizes=\"auto, (max-width: 480px) 150px\" src=\"https:\/\/harpretreat.pl\/wp-content\/uploads\/2025\/09\/IMG_7926-1024x768.jpeg\" alt=\"\" class=\"uag-image-1400\" width=\"384\" height=\"384\" title=\"IMG_7926\" loading=\"lazy\" role=\"img\"\/><\/figure><\/div>\n\n\n\n<div class=\"wp-block-uagb-image alignleft uagb-block-perkmcdp wp-block-uagb-image--layout-default wp-block-uagb-image--effect-static wp-block-uagb-image--align-left\"><figure class=\"wp-block-uagb-image__figure\"><img decoding=\"async\" srcset=\"https:\/\/harpretreat.pl\/wp-content\/uploads\/2025\/09\/IMG_7952-768x1024.jpeg ,https:\/\/harpretreat.pl\/wp-content\/uploads\/2025\/09\/IMG_7952.jpeg 780w, https:\/\/harpretreat.pl\/wp-content\/uploads\/2025\/09\/IMG_7952.jpeg 360w\" sizes=\"auto, (max-width: 480px) 150px\" src=\"https:\/\/harpretreat.pl\/wp-content\/uploads\/2025\/09\/IMG_7952-768x1024.jpeg\" alt=\"\" class=\"uag-image-1408\" width=\"384\" height=\"512\" title=\"IMG_7952\" loading=\"lazy\" role=\"img\"\/><\/figure><\/div>\n<\/div>\n\n\n\n<div class=\"wp-block-uagb-container uagb-block-3c4tdctv\">\n<div class=\"wp-block-uagb-image alignleft uagb-block-omrseynz wp-block-uagb-image--layout-default wp-block-uagb-image--effect-static wp-block-uagb-image--align-left\"><figure class=\"wp-block-uagb-image__figure\"><img decoding=\"async\" srcset=\"https:\/\/harpretreat.pl\/wp-content\/uploads\/2025\/09\/IMG_7749.jpg ,https:\/\/harpretreat.pl\/wp-content\/uploads\/2025\/09\/IMG_7749.jpg 780w, https:\/\/harpretreat.pl\/wp-content\/uploads\/2025\/09\/IMG_7749.jpg 360w\" sizes=\"auto, (max-width: 480px) 150px\" src=\"https:\/\/harpretreat.pl\/wp-content\/uploads\/2025\/09\/IMG_7749.jpg\" alt=\"\" class=\"uag-image-1352\" width=\"384\" height=\"308\" title=\"IMG_7749\" loading=\"lazy\" role=\"img\"\/><\/figure><\/div>\n\n\n\n<div class=\"wp-block-uagb-image alignleft uagb-block-wximmabh wp-block-uagb-image--layout-default wp-block-uagb-image--effect-static wp-block-uagb-image--align-left\"><figure class=\"wp-block-uagb-image__figure\"><img decoding=\"async\" srcset=\"https:\/\/harpretreat.pl\/wp-content\/uploads\/2025\/09\/IMG_7921-768x1024.jpeg ,https:\/\/harpretreat.pl\/wp-content\/uploads\/2025\/09\/IMG_7921.jpeg 780w, https:\/\/harpretreat.pl\/wp-content\/uploads\/2025\/09\/IMG_7921.jpeg 360w\" sizes=\"auto, (max-width: 480px) 150px\" src=\"https:\/\/harpretreat.pl\/wp-content\/uploads\/2025\/09\/IMG_7921-768x1024.jpeg\" alt=\"\" class=\"uag-image-1398\" width=\"384\" height=\"384\" title=\"IMG_7921\" loading=\"lazy\" role=\"img\"\/><\/figure><\/div>\n\n\n\n<div class=\"wp-block-uagb-image alignleft uagb-block-eue2h70z wp-block-uagb-image--layout-default wp-block-uagb-image--effect-static wp-block-uagb-image--align-left\"><figure class=\"wp-block-uagb-image__figure\"><img decoding=\"async\" srcset=\"https:\/\/harpretreat.pl\/wp-content\/uploads\/2025\/09\/IMG_7827-768x1024.jpeg ,https:\/\/harpretreat.pl\/wp-content\/uploads\/2025\/09\/IMG_7827.jpeg 780w, https:\/\/harpretreat.pl\/wp-content\/uploads\/2025\/09\/IMG_7827.jpeg 360w\" sizes=\"auto, (max-width: 480px) 150px\" src=\"https:\/\/harpretreat.pl\/wp-content\/uploads\/2025\/09\/IMG_7827-768x1024.jpeg\" alt=\"\" class=\"uag-image-1369\" width=\"384\" height=\"288\" title=\"IMG_7827\" loading=\"lazy\" role=\"img\"\/><\/figure><\/div>\n<\/div>\n\n\n\n<div class=\"wp-block-uagb-container uagb-block-jamdhnpq\">\n<div class=\"wp-block-uagb-image alignleft uagb-block-g507vhcm wp-block-uagb-image--layout-default wp-block-uagb-image--effect-static wp-block-uagb-image--align-left\"><figure class=\"wp-block-uagb-image__figure\"><img decoding=\"async\" srcset=\"https:\/\/harpretreat.pl\/wp-content\/uploads\/2025\/09\/IMG_7714-768x1024.jpeg ,https:\/\/harpretreat.pl\/wp-content\/uploads\/2025\/09\/IMG_7714.jpeg 780w, https:\/\/harpretreat.pl\/wp-content\/uploads\/2025\/09\/IMG_7714.jpeg 360w\" sizes=\"auto, (max-width: 480px) 150px\" src=\"https:\/\/harpretreat.pl\/wp-content\/uploads\/2025\/09\/IMG_7714-768x1024.jpeg\" alt=\"\" class=\"uag-image-1346\" width=\"384\" height=\"481\" title=\"IMG_7714\" loading=\"lazy\" role=\"img\"\/><\/figure><\/div>\n\n\n\n<div class=\"wp-block-uagb-image uagb-block-xgehc8rd wp-block-uagb-image--layout-default wp-block-uagb-image--effect-static wp-block-uagb-image--align-none\"><figure class=\"wp-block-uagb-image__figure\"><img decoding=\"async\" srcset=\"https:\/\/harpretreat.pl\/wp-content\/uploads\/2025\/09\/IMG_7837-768x1024.jpeg ,https:\/\/harpretreat.pl\/wp-content\/uploads\/2025\/09\/IMG_7837.jpeg 780w, https:\/\/harpretreat.pl\/wp-content\/uploads\/2025\/09\/IMG_7837.jpeg 360w\" sizes=\"auto, (max-width: 480px) 150px\" src=\"https:\/\/harpretreat.pl\/wp-content\/uploads\/2025\/09\/IMG_7837-768x1024.jpeg\" alt=\"\" class=\"uag-image-1370\" width=\"384\" height=\"384\" title=\"IMG_7837\" loading=\"lazy\" role=\"img\"\/><\/figure><\/div>\n<\/div>\n<\/div>\n<\/div><\/div>\n\n\n\n<div class=\"wp-block-uagb-container uagb-block-lhlk7b99 alignfull uagb-is-root-container\"><div class=\"uagb-container-inner-blocks-wrap\">\n<div class=\"wp-block-uagb-info-box uagb-block-zltewlsp uagb-infobox__content-wrap  uagb-infobox-icon-above-title uagb-infobox-image-valign-top\"><div class=\"uagb-ifb-content\"><div class=\"uagb-ifb-title-wrap\"><h2 class=\"uagb-ifb-title\">A harp colony in the tranquility of the Goszyce manor.<\/h2><\/div><p class=\"uagb-ifb-desc\">Harfowa przysta\u0144 odbywa si\u0119 w Nowym Dworze w Goszycach. Tam zatrzymasz si\u0119 w eklektycznych wn\u0119trzach \u0142\u0105cz\u0105cych stare z nowoczesnym. Oryginalne meble nadaj\u0105 domowi przytuln\u0105, rodzinn\u0105 atmosfer\u0119, a wn\u0119trza s\u0105 jasne i przestronne. Dw\u00f3r otacza rozleg\u0142y park oraz pola i&nbsp; \u0142\u0105ki, wi\u0119c ca\u0142e miejsce jest zatopione w naturze. <\/p><\/div><\/div>\n\n\n\n<div class=\"wp-block-uagb-container uagb-layout-grid uagb-block-xafdkphw\">\n<div class=\"wp-block-uagb-image alignleft uagb-block-nmjaldtl wp-block-uagb-image--layout-default wp-block-uagb-image--effect-static wp-block-uagb-image--align-left\"><figure class=\"wp-block-uagb-image__figure\"><img decoding=\"async\" srcset=\"https:\/\/harpretreat.pl\/wp-content\/uploads\/2025\/05\/WhatsApp-Image-2025-05-04-at-21.45.56-2-768x1024.jpeg ,https:\/\/harpretreat.pl\/wp-content\/uploads\/2025\/05\/WhatsApp-Image-2025-05-04-at-21.45.56-2.jpeg 780w, https:\/\/harpretreat.pl\/wp-content\/uploads\/2025\/05\/WhatsApp-Image-2025-05-04-at-21.45.56-2.jpeg 360w\" sizes=\"auto, (max-width: 480px) 150px\" src=\"https:\/\/harpretreat.pl\/wp-content\/uploads\/2025\/05\/WhatsApp-Image-2025-05-04-at-21.45.56-2-768x1024.jpeg\" alt=\"\" class=\"uag-image-1094\" width=\"792\" height=\"446\" title=\"WhatsApp Image 2025-05-04 at 21.45.56 (2)\" loading=\"lazy\" role=\"img\"\/><\/figure><\/div>\n\n\n\n<div class=\"wp-block-uagb-image alignleft uagb-block-fazn0agi wp-block-uagb-image--layout-default wp-block-uagb-image--effect-static wp-block-uagb-image--align-left\"><figure class=\"wp-block-uagb-image__figure\"><img decoding=\"async\" srcset=\"https:\/\/harpretreat.pl\/wp-content\/uploads\/2025\/05\/WhatsApp-Image-2025-05-04-at-21.45.55-2-768x1024.jpeg ,https:\/\/harpretreat.pl\/wp-content\/uploads\/2025\/05\/WhatsApp-Image-2025-05-04-at-21.45.55-2.jpeg 780w, https:\/\/harpretreat.pl\/wp-content\/uploads\/2025\/05\/WhatsApp-Image-2025-05-04-at-21.45.55-2.jpeg 360w\" sizes=\"auto, (max-width: 480px) 150px\" src=\"https:\/\/harpretreat.pl\/wp-content\/uploads\/2025\/05\/WhatsApp-Image-2025-05-04-at-21.45.55-2-768x1024.jpeg\" alt=\"\" class=\"uag-image-1099\" width=\"385\" height=\"446\" title=\"WhatsApp Image 2025-05-04 at 21.45.55 (2)\" loading=\"lazy\" role=\"img\"\/><\/figure><\/div>\n<\/div>\n\n\n\n<div class=\"wp-block-uagb-container uagb-layout-grid uagb-block-fco1hvmg\">\n<div class=\"wp-block-uagb-image alignleft uagb-block-kaibp1dg wp-block-uagb-image--layout-default wp-block-uagb-image--effect-static wp-block-uagb-image--align-left\"><figure class=\"wp-block-uagb-image__figure\"><img decoding=\"async\" srcset=\"https:\/\/harpretreat.pl\/wp-content\/uploads\/2025\/05\/WhatsApp-Image-2025-05-04-at-21.45.54-1-768x1024.jpeg ,https:\/\/harpretreat.pl\/wp-content\/uploads\/2025\/05\/WhatsApp-Image-2025-05-04-at-21.45.54-1.jpeg 780w, https:\/\/harpretreat.pl\/wp-content\/uploads\/2025\/05\/WhatsApp-Image-2025-05-04-at-21.45.54-1.jpeg 360w\" sizes=\"auto, (max-width: 480px) 150px\" src=\"https:\/\/harpretreat.pl\/wp-content\/uploads\/2025\/05\/WhatsApp-Image-2025-05-04-at-21.45.54-1-768x1024.jpeg\" alt=\"\" class=\"uag-image-1102\" width=\"385\" height=\"466\" title=\"WhatsApp Image 2025-05-04 at 21.45.54 (1)\" loading=\"lazy\" role=\"img\"\/><\/figure><\/div>\n\n\n\n<div class=\"wp-block-uagb-image alignleft uagb-block-1fe3lwvo wp-block-uagb-image--layout-default wp-block-uagb-image--effect-static wp-block-uagb-image--align-left\"><figure class=\"wp-block-uagb-image__figure\"><img decoding=\"async\" srcset=\"https:\/\/harpretreat.pl\/wp-content\/uploads\/2025\/05\/WhatsApp-Image-2025-05-04-at-21.45.56-1-768x1024.jpeg ,https:\/\/harpretreat.pl\/wp-content\/uploads\/2025\/05\/WhatsApp-Image-2025-05-04-at-21.45.56-1.jpeg 780w, https:\/\/harpretreat.pl\/wp-content\/uploads\/2025\/05\/WhatsApp-Image-2025-05-04-at-21.45.56-1.jpeg 360w\" sizes=\"auto, (max-width: 480px) 150px\" src=\"https:\/\/harpretreat.pl\/wp-content\/uploads\/2025\/05\/WhatsApp-Image-2025-05-04-at-21.45.56-1-768x1024.jpeg\" alt=\"\" class=\"uag-image-1095\" width=\"792\" height=\"466\" title=\"WhatsApp Image 2025-05-04 at 21.45.56 (1)\" loading=\"lazy\" role=\"img\"\/><\/figure><\/div>\n<\/div>\n<\/div><\/div>","protected":false},"excerpt":{"rendered":"","protected":false},"author":1,"featured_media":1164,"parent":0,"menu_order":0,"comment_status":"closed","ping_status":"closed","template":"","meta":{"_uag_custom_page_level_css":"","ngg_post_thumbnail":0,"_price":"","_stock":"","_tribe_ticket_header":"","_tribe_default_ticket_provider":"","_tribe_ticket_capacity":"0","_ticket_start_date":"","_ticket_end_date":"","_tribe_ticket_show_description":"","_tribe_ticket_show_not_going":false,"_tribe_ticket_use_global_stock":"","_tribe_ticket_global_stock_level":"","_global_stock_mode":"","_global_stock_cap":"","_tribe_rsvp_for_event":"","_tribe_ticket_going_count":"","_tribe_ticket_not_going_count":"","_tribe_tickets_list":"[]","_tribe_ticket_has_attendee_info_fields":false,"_kad_post_transparent":"","_kad_post_title":"","_kad_post_layout":"","_kad_post_sidebar_id":"","_kad_post_content_style":"","_kad_post_vertical_padding":"","_kad_post_feature":"","_kad_post_feature_position":"","_kad_post_header":false,"_kad_post_footer":false,"footnotes":"","_tec_slr_enabled":"","_tec_slr_layout":""},"class_list":["post-35","page","type-page","status-publish","has-post-thumbnail","hentry"],"uagb_featured_image_src":{"full":["https:\/\/harpretreat.pl\/wp-content\/uploads\/2025\/05\/OPEN-WINDOW-scaled.png",2560,1447,false],"thumbnail":["https:\/\/harpretreat.pl\/wp-content\/uploads\/2025\/05\/OPEN-WINDOW-150x150.png",150,150,true],"medium":["https:\/\/harpretreat.pl\/wp-content\/uploads\/2025\/05\/OPEN-WINDOW-300x170.png",300,170,true],"medium_large":["https:\/\/harpretreat.pl\/wp-content\/uploads\/2025\/05\/OPEN-WINDOW-768x434.png",768,434,true],"large":["https:\/\/harpretreat.pl\/wp-content\/uploads\/2025\/05\/OPEN-WINDOW-1024x579.png",1024,579,true],"1536x1536":["https:\/\/harpretreat.pl\/wp-content\/uploads\/2025\/05\/OPEN-WINDOW-1536x868.png",1536,868,true],"2048x2048":["https:\/\/harpretreat.pl\/wp-content\/uploads\/2025\/05\/OPEN-WINDOW-2048x1158.png",2048,1158,true],"trp-custom-language-flag":["https:\/\/harpretreat.pl\/wp-content\/uploads\/2025\/05\/OPEN-WINDOW-18x10.png",18,10,true]},"uagb_author_info":{"display_name":"admin","author_link":"https:\/\/harpretreat.pl\/en\/author\/admin\/"},"uagb_comment_info":0,"uagb_excerpt":null,"ticketed":false,"_links":{"self":[{"href":"https:\/\/harpretreat.pl\/en\/wp-json\/wp\/v2\/pages\/35","targetHints":{"allow":["GET"]}}],"collection":[{"href":"https:\/\/harpretreat.pl\/en\/wp-json\/wp\/v2\/pages"}],"about":[{"href":"https:\/\/harpretreat.pl\/en\/wp-json\/wp\/v2\/types\/page"}],"author":[{"embeddable":true,"href":"https:\/\/harpretreat.pl\/en\/wp-json\/wp\/v2\/users\/1"}],"replies":[{"embeddable":true,"href":"https:\/\/harpretreat.pl\/en\/wp-json\/wp\/v2\/comments?post=35"}],"version-history":[{"count":16,"href":"https:\/\/harpretreat.pl\/en\/wp-json\/wp\/v2\/pages\/35\/revisions"}],"predecessor-version":[{"id":1411,"href":"https:\/\/harpretreat.pl\/en\/wp-json\/wp\/v2\/pages\/35\/revisions\/1411"}],"wp:featuredmedia":[{"embeddable":true,"href":"https:\/\/harpretreat.pl\/en\/wp-json\/wp\/v2\/media\/1164"}],"wp:attachment":[{"href":"https:\/\/harpretreat.pl\/en\/wp-json\/wp\/v2\/media?parent=35"}],"curies":[{"name":"wp","href":"https:\/\/api.w.org\/{rel}","templated":true}]}}